{"id":101253,"date":"2026-02-15T15:21:39","date_gmt":"2026-02-15T15:21:39","guid":{"rendered":"https:\/\/grupdentalcostabrava.com\/?page_id=101253"},"modified":"2026-02-18T17:49:54","modified_gmt":"2026-02-18T17:49:54","slug":"avis-legal","status":"publish","type":"page","link":"https:\/\/grupdentalcostabrava.com\/es\/avis-legal\/","title":{"rendered":"Av\u00eds legal"},"content":{"rendered":"<p>[et_pb_section fb_built=&#8221;1&#8243; _builder_version=&#8221;4.27.5&#8243; _module_preset=&#8221;default&#8221; global_colors_info=&#8221;{}&#8221;][et_pb_row _builder_version=&#8221;4.27.5&#8243; _module_preset=&#8221;default&#8221; global_colors_info=&#8221;{}&#8221;][et_pb_column type=&#8221;4_4&#8243; _builder_version=&#8221;4.27.5&#8243; _module_preset=&#8221;default&#8221; global_colors_info=&#8221;{}&#8221;][et_pb_post_title _builder_version=&#8221;4.27.5&#8243; _module_preset=&#8221;default&#8221; hover_enabled=&#8221;0&#8243; sticky_enabled=&#8221;0&#8243; meta=&#8221;off&#8221; featured_image=&#8221;off&#8221;][\/et_pb_post_title][et_pb_text _builder_version=&#8221;4.27.5&#8243; _module_preset=&#8221;default&#8221; text_font=&#8221;&#8211;et_global_body_font||||||||&#8221; link_font=&#8221;&#8211;et_global_body_font||||||||&#8221; link_text_color=&#8221;#27acea&#8221; global_colors_info=&#8221;{}&#8221;]<\/p>\n<p style=\"font-weight: 400;\"><strong><span>En compliment de la Llei 34\/2002, d\u201911 de juliol, de Serveis de la Societat de la Informaci\u00f3 i de Comer\u00e7 Electr\u00f2nic (LSSI-CE), C.D. CONGRESSAGRERA SLP informa que \u00e9s titular del lloc web. D\u2019acord amb el que exigeix l\u2019article 10 de la citada Llei, C.D. CONGRESSAGRERA SLP facilita les dades seg\u00fcents:<\/span><\/strong><\/p>\n<ul style=\"font-weight: 400;\">\n<li><strong><span>RA\u00d3 SOCIAL:<\/span><\/strong><span>\u00a0\u00a0\u00a0\u00a0<\/span><\/li>\n<li><strong><span>NIF:<\/span><\/strong><span>\u00a0B62422084\u00a0<\/span><\/li>\n<li><strong><span>DOMINI:<\/span><\/strong><span>\u00a0<a href=\"https:\/\/grupdentalcostabrava.com\/\" data-saferedirecturl=\"https:\/\/www.google.com\/url?q=https:\/\/grupdentalcostabrava.com&amp;source=gmail&amp;ust=1771350110120000&amp;usg=AOvVaw347Oh39BTJYv6Rez8GGVwJ\">https:\/\/grupdentalcostabrava.com<\/a><\/span><\/li>\n<li><strong><span>ADRE\u00c7A POSTAL:<\/span><\/strong><span>\u00a0C\/ Almeria, 88, bxs\u00a0<strong>17220, Sant Feliu De Guixols (Girona<\/strong>)<\/span><\/li>\n<li><strong><span>ADRE\u00c7A ELECTR\u00d2NICA:<\/span><\/strong><span>\u00a0<a href=\"mailto:marcosallegueallegue@gmail.com\">marcosallegueallegue@gmail.com<\/a><\/span><\/li>\n<li><strong><span>TEL\u00c8FON:<\/span><\/strong><span>\u00a0654085146<\/span><\/li>\n<\/ul>\n<p style=\"font-weight: 400;\"><span>Usuari i r\u00e8gim de responsabilitats<\/span><\/p>\n<p style=\"font-weight: 400;\"><span>La navegaci\u00f3, acc\u00e9s i \u00fas del lloc web de C.D. CONGRESSAGRERA SLP confereix la condici\u00f3 d\u2019usuari.<\/span><\/p>\n<p style=\"font-weight: 400;\"><span>El lloc web de C.D. CONGRESSAGRERA SLP proporciona una gran diversitat d\u2019informaci\u00f3, serveis i dades. L\u2019usuari assumeix la responsabilitat en l\u2019\u00fas correcte del lloc web. Aquesta responsabilitat s\u2019estendr\u00e0 a:<\/span><\/p>\n<ul style=\"font-weight: 400;\">\n<li><span>La veracitat i legalitat de les informacions aportades per l\u2019usuari en els formularis facilitats per C.D. CONGRESSAGRERA SLP per accedir a certs continguts o serveis oferts pel web.<\/span><\/li>\n<li><span>L\u2019\u00fas de la informaci\u00f3, serveis i dades oferts per C.D. CONGRESSAGRERA SLP contr\u00e0riament al que disposen les presents condicions, la Llei, la moral, les bones costums o l\u2019ordre p\u00fablic, o que de qualsevol altra manera puguin suposar una lesi\u00f3 dels drets de tercers o del bon funcionament del lloc web.<\/span><\/li>\n<\/ul>\n<p style=\"font-weight: 400;\"><span>Pol\u00edtica d\u2019enlla\u00e7os i exempcions de responsabilitat<\/span><\/p>\n<p style=\"font-weight: 400;\"><span>C.D. CONGRESSAGRERA SLP no es fa responsable del contingut dels llocs web als quals l\u2019usuari pugui accedir a trav\u00e9s dels enlla\u00e7os establerts al seu lloc web, sempre que no tingui coneixement efectiu que l\u2019activitat o la informaci\u00f3 a la qual remet o recomana \u00e9s il\u00b7l\u00edcita o que lesiona b\u00e9ns o drets de tercers susceptibles d\u2019indemnitzaci\u00f3, o, en cas de tenir-lo, actu\u00ef amb dilig\u00e8ncia per suprimir o inutilitzar l\u2019enlla\u00e7 corresponent.<\/span><\/p>\n<p style=\"font-weight: 400;\"><span>S\u2019entendr\u00e0 que C.D. CONGRESSAGRERA SLP t\u00e9 coneixement efectiu quan un \u00f2rgan competent hagi declarat la il\u00b7licitud de les dades, ordenat la seva retirada o impedit l\u2019acc\u00e9s, o hagi declarat l\u2019exist\u00e8ncia de la lesi\u00f3, i C.D. CONGRESSAGRERA SLP conegui la resoluci\u00f3 corresponent, sense perjudici dels procediments de detecci\u00f3 i retirada de continguts que pugui aplicar en virtut d\u2019acords voluntaris o altres mitjans de coneixement efectiu.<\/span><\/p>\n<p style=\"font-weight: 400;\"><span>C.D. CONGRESSAGRERA SLP declara haver adoptat totes les mesures necess\u00e0ries per evitar qualsevol dany als usuaris del seu lloc web derivat de la navegaci\u00f3. En conseq\u00fc\u00e8ncia, no es fa responsable, en cap cas, dels eventuals danys que per la navegaci\u00f3 per Internet pugui patir l\u2019usuari. Aix\u00ed mateix, no garanteix la disponibilitat t\u00e8cnica, exactitud, veracitat, validesa o legalitat de llocs aliens a la seva propietat als quals es pugui accedir mitjan\u00e7ant enlla\u00e7os.<\/span><\/p>\n<p style=\"font-weight: 400;\"><span>Modificacions<\/span><\/p>\n<p style=\"font-weight: 400;\"><span>C.D. CONGRESSAGRERA SLP es reserva la facultat d\u2019efectuar, en qualsevol moment i sense necessitat d\u2019av\u00eds previ, modificacions i actualitzacions de la informaci\u00f3 continguda al seu lloc web o en la configuraci\u00f3 i presentaci\u00f3 d\u2019aquest. Amb l\u2019objectiu de mantenir la informaci\u00f3 publicada actualitzada, els continguts podran ser modificats, corregits, eliminats o afegits en qualsevol moment, per qualsevol forma admesa en dret.<\/span><\/p>\n<p style=\"font-weight: 400;\"><span>Indicaci\u00f3 de preus<\/span><\/p>\n<p style=\"font-weight: 400;\"><span>En cas que es mostrin preus de productes i\/o serveis, els indicats en pantalla seran els vigents en cada moment. Els preus s\u2019indicaran en euros i inclouran l\u2019Impost sobre el Valor Afegit (IVA). En cas que no s\u2019incorpori l\u2019IVA en el preu, s\u2019indicar\u00e0 de manera expressa i es permetr\u00e0 a l\u2019usuari visualitzar el preu final complet.<\/span><\/p>\n<p style=\"font-weight: 400;\"><span>Aix\u00ed mateix, si fos aplicable qualsevol altre impost, s\u2019indicar\u00e0, incloent-hi, si escau, l\u2019import dels increments o descomptes aplicables a l\u2019oferta i les despeses addicionals que puguin repercutir al consumidor o usuari.<\/span><\/p>\n<p style=\"font-weight: 400;\"><span>Propietat intel\u00b7lectual i industrial<\/span><\/p>\n<p style=\"font-weight: 400;\"><span>C.D. CONGRESSAGRERA SLP, per si mateix o com a cessionari, \u00e9s titular de tots els drets de propietat intel\u00b7lectual i industrial del seu lloc web, aix\u00ed com dels elements continguts en aquest (a t\u00edtol enunciatiu: imatges, so, \u00e0udio, v\u00eddeo, programari o textos; marques o logotips, combinacions de colors, estructura i disseny, selecci\u00f3 de materials utilitzats, programes inform\u00e0tics necessaris per al seu funcionament, acc\u00e9s i \u00fas, etc.), titularitat de C.D. CONGRESSAGRERA SLP. Seran, per tant, obres protegides com a propietat intel\u00b7lectual per l\u2019ordenament jur\u00eddic espanyol, essent aplicable tant la normativa espanyola i comunit\u00e0ria com els tractats internacionals subscrits per Espanya.<\/span><\/p>\n<p style=\"font-weight: 400;\"><span>Tots els drets reservats. En virtut del que disposa la Llei de Propietat Intel\u00b7lectual, queda expressament prohibida la reproducci\u00f3, distribuci\u00f3 i comunicaci\u00f3 p\u00fablica, inclosa la modalitat de posada a disposici\u00f3, de la totalitat o part dels continguts d\u2019aquesta p\u00e0gina web, amb finalitats comercials, en qualsevol suport i per qualsevol mitj\u00e0 t\u00e8cnic, sense l\u2019autoritzaci\u00f3 de C.D. CONGRESSAGRERA SLP.<\/span><\/p>\n<p style=\"font-weight: 400;\"><span>L\u2019usuari es compromet a respectar els drets de Propietat Intel\u00b7lectual i Industrial titularitat de C.D. CONGRESSAGRERA SLP. Podr\u00e0 visualitzar els elements del portal i fins i tot imprimir-los, copiar-los i emmagatzemar-los en el disc dur del seu ordinador o en qualsevol altre suport f\u00edsic sempre que sigui, \u00fanica i exclusivament, per al seu \u00fas personal i privat. L\u2019usuari haur\u00e0 d\u2019abstenir-se de suprimir, alterar, eludir o manipular qualsevol dispositiu de protecci\u00f3 o sistema de seguretat instal\u00b7lat a les p\u00e0gines de C.D. CONGRESSAGRERA SLP.<\/span><\/p>\n<p style=\"font-weight: 400;\"><span>Certificat SSL (secure sockets layer)<\/span><\/p>\n<p style=\"font-weight: 400;\"><span>El CERTIFICAT SSL proporciona autenticaci\u00f3, privacitat i seguretat de la informaci\u00f3 entre C.D. CONGRESSAGRERA SLP i l\u2019usuari.<\/span><\/p>\n<p style=\"font-weight: 400;\"><span>C.D. CONGRESSAGRERA SLP disposa d\u2019un certificat de seguretat que s\u2019utilitza mitjan\u00e7ant CERTIFICAT SSL per realitzar connexions segures.<\/span><\/p>\n<p style=\"font-weight: 400;\"><span>En aquest proc\u00e9s s\u2019estableixen diversos par\u00e0metres per realitzar la connexi\u00f3 de forma segura, utilitzant claus preestablertes, codificant i descodificant totes les dades enviades fins que la connexi\u00f3 sigui tancada.<\/span><\/p>\n<p style=\"font-weight: 400;\"><span>Accions legals, legislaci\u00f3 aplicable i jurisdicci\u00f3<\/span><\/p>\n<p style=\"font-weight: 400;\"><span>Si l\u2019usuari desitja presentar una reclamaci\u00f3, haur\u00e0 de contactar mitjan\u00e7ant el correu electr\u00f2nic <a href=\"mailto:marcosallegueallegue@gmail.com\">marcosallegueallegue@gmail.com<\/a>. Aix\u00ed mateix, C.D. CONGRESSAGRERA SLP disposa de fulls oficials de reclamaci\u00f3 a disposici\u00f3 dels consumidors i usuaris.<\/span><\/p>\n<p style=\"font-weight: 400;\"><span>C.D. CONGRESSAGRERA SLP es reserva la facultat de presentar les accions civils o penals que consideri oportunes per l\u2019\u00fas indegut del seu lloc web i continguts, o per l\u2019incompliment de les presents condicions.<\/span><\/p>\n<p style=\"font-weight: 400;\"><span>La relaci\u00f3 entre l\u2019usuari i el prestador es regir\u00e0 per la normativa vigent i aplicable al territori espanyol. En cas de controv\u00e8rsia, les parts podran sotmetre els seus conflictes a arbitratge o acudir a la jurisdicci\u00f3 ordin\u00e0ria complint amb les normes sobre jurisdicci\u00f3 i compet\u00e8ncia.<\/span><\/p>\n<p>[\/et_pb_text][\/et_pb_column][\/et_pb_row][\/et_pb_section]<\/p>\n","protected":false},"excerpt":{"rendered":"<p>En compliment de la Llei 34\/2002, d\u201911 de juliol, de Serveis de la Societat de la Informaci\u00f3 i de Comer\u00e7 Electr\u00f2nic (LSSI-CE), C.D. CONGRESSAGRERA SLP informa que \u00e9s titular del lloc web. D\u2019acord amb el que exigeix l\u2019article 10 de la citada Llei, C.D. CONGRESSAGRERA SLP facilita les dades seg\u00fcents: RA\u00d3 SOCIAL:\u00a0\u00a0\u00a0\u00a0 NIF:\u00a0B62422084\u00a0 DOMINI:\u00a0https:\/\/grupdentalcostabrava.com ADRE\u00c7A [&hellip;]<\/p>\n","protected":false},"author":1,"featured_media":0,"parent":0,"menu_order":0,"comment_status":"closed","ping_status":"closed","template":"","meta":{"_et_pb_use_builder":"on","_et_pb_old_content":"","_et_gb_content_width":"","footnotes":""},"class_list":["post-101253","page","type-page","status-publish","hentry"],"_links":{"self":[{"href":"https:\/\/grupdentalcostabrava.com\/es\/wp-json\/wp\/v2\/pages\/101253","targetHints":{"allow":["GET"]}}],"collection":[{"href":"https:\/\/grupdentalcostabrava.com\/es\/wp-json\/wp\/v2\/pages"}],"about":[{"href":"https:\/\/grupdentalcostabrava.com\/es\/wp-json\/wp\/v2\/types\/page"}],"author":[{"embeddable":true,"href":"https:\/\/grupdentalcostabrava.com\/es\/wp-json\/wp\/v2\/users\/1"}],"replies":[{"embeddable":true,"href":"https:\/\/grupdentalcostabrava.com\/es\/wp-json\/wp\/v2\/comments?post=101253"}],"version-history":[{"count":5,"href":"https:\/\/grupdentalcostabrava.com\/es\/wp-json\/wp\/v2\/pages\/101253\/revisions"}],"predecessor-version":[{"id":101416,"href":"https:\/\/grupdentalcostabrava.com\/es\/wp-json\/wp\/v2\/pages\/101253\/revisions\/101416"}],"wp:attachment":[{"href":"https:\/\/grupdentalcostabrava.com\/es\/wp-json\/wp\/v2\/media?parent=101253"}],"curies":[{"name":"wp","href":"https:\/\/api.w.org\/{rel}","templated":true}]}}